{"id":3265,"date":"2023-06-07T08:30:13","date_gmt":"2023-06-07T06:30:13","guid":{"rendered":"https:\/\/jazzweek.de\/?page_id=3265"},"modified":"2025-04-10T13:06:28","modified_gmt":"2025-04-10T11:06:28","slug":"contact-imprint","status":"publish","type":"page","link":"https:\/\/jazzweek.de\/en\/contact-imprint\/","title":{"rendered":"Contact &#038; Imprint"},"content":{"rendered":"\n<p>Responsible for the content according to \u00a7 5 TMG:<\/p>\n\n\n\n<p><strong>Jazzstadt UG <\/strong>(limited liability)<br>represented by the managing director Janning Trumann<br>Venloer Street 40<br>50672 Cologne<br>e-mail: festival@jazzweek.de<\/p>\n\n\n\n<p>Register entry: Entry in the commercial register.&nbsp;<br>Register court: Local court Cologne&nbsp;<br>Register number: HRB 101587<\/p>\n\n\n\n<p><strong>Board of Trustees<\/strong><br>Rio Sakairi, Line Juul, Alfred Vogel, Frank van Berkel, Janning Trumann<\/p>\n\n\n\n<p><strong>Planning and Artistic Office<br><\/strong>In\u00eas Pizarro, Anna Harbord, Gottfried Held, Luca M\u00fcller, Claudia D\u00f6ffinger, Sofia Will<\/p>\n\n\n\n<p><strong>Design &amp; Art Direction<br><\/strong>Holger Risse \/ everything is everything<\/p>\n\n\n\n<p><strong>Web programming<br><\/strong>Clemens Buchegger<\/p>\n\n\n\n<p><strong>Picture credits\/Copyrights<\/strong><\/p>\n\n\n\n<p>Unless otherwise stated, the images used are provided by artists\/organizers and\/or their agencies. All image rights are held by the respective photographers.<\/p>\n\n\n\n<p><strong>Privacy policy<\/strong><\/p>\n\n\n\n<p>Our privacy policy can be found here.<\/p>\n\n\n\n<p><strong>Liability for content<\/strong><\/p>\n\n\n\n<p>As a service provider, we are responsible for our own content on these pages in accordance with \u00a7 7 paragraph 1 TMG under the general laws. According to \u00a7\u00a7 8 to 10 TMG, we are not obligated to monitor transmitted or stored information or to investigate circumstances that indicate illegal activity. Obligations to remove or block the use of information under the general laws remain unaffected. However, liability in this regard is only possible from the point in time at which a concrete infringement of the law becomes known. If we become aware of any such infringements, we will remove the relevant content immediately.<\/p>\n\n\n\n<p><strong>Liability for links<\/strong><\/p>\n\n\n\n<p>Our offer contains links to external websites of third parties, on whose contents we have no influence. Therefore, we cannot assume any liability for these external contents. The respective provider or operator of the sites is always responsible for the content of the linked sites. The linked pages were checked for possible legal violations at the time of linking. Illegal contents were not recognizable at the time of linking. However, a permanent control of the contents of the linked pages is not reasonable without concrete evidence of a violation of the law. If we become aware of any infringements, we will remove such links immediately.<\/p>\n\n\n\n<p><strong>Copyright<\/strong><\/p>\n\n\n\n<p>The contents and works created by the site operators on these pages are subject to German copyright law. Duplication, processing, distribution, or any form of commercialization of such material beyond the scope of the copyright law shall require the prior written consent of its respective author or creator. Downloads and copies of this site are only permitted for private, non-commercial use. Insofar as the content on this site was not created by the operator, the copyrights of third parties are respected. In particular, third-party content is identified as such. Should you nevertheless become aware of a copyright infringement, please inform us accordingly. If we become aware of any infringements, we will remove such content immediately. (Source: e-recht24.de)<\/p>\n\n\n\n<p><strong>Webfonts by Google<\/strong><\/p>\n\n\n\n<p>We are neither obliged nor willing to participate in a dispute resolution procedure before a consumer arbitration board.&nbsp;The EU platform for extrajudicial online dispute resolution can be found here http:\/\/ec.europa.eu\/consumers\/odr\/.&nbsp;<\/p>\n\n\n\n<p>Jazzstadt UG is the operator of the following channels on Instagram and Facebook:<br>https:\/\/www.facebook.com\/CGNJazzweek\/<br>https:\/\/www.instagram.com\/cologne_jazzweek\/<\/p>\n","protected":false},"excerpt":{"rendered":"<p>Responsible for the content according to \u00a7 5 TMG: Jazzstadt UG (limited liability)represented by the managing director Janning TrumannVenloer Street 4050672 Colognee-mail: festival@jazzweek.de Register entry: Entry in the commercial register.&nbsp;Register court: Local court Cologne&nbsp;Register number: HRB 101587 Board of TrusteesRio Sakairi, Line Juul, Alfred Vogel, Frank van Berkel, Janning Trumann Planning and Artistic OfficeIn\u00eas Pizarro, [&hellip;]<\/p>\n","protected":false},"author":4,"featured_media":0,"parent":0,"menu_order":0,"comment_status":"closed","ping_status":"closed","template":"","meta":{"_acf_changed":false,"footnotes":""},"class_list":["post-3265","page","type-page","status-publish","hentry"],"acf":[],"yoast_head":"<!-- This site is optimized with the Yoast SEO plugin v26.8 - https:\/\/yoast.com\/product\/yoast-seo-wordpress\/ -->\n<title>Contact &amp; Imprint - Cologne Jazzweek<\/title>\n<meta name=\"robots\" content=\"index, follow, max-snippet:-1, max-image-preview:large, max-video-preview:-1\" \/>\n<link rel=\"canonical\" href=\"https:\/\/jazzweek.de\/en\/contact-imprint\/\" \/>\n<meta property=\"og:locale\" content=\"en_US\" \/>\n<meta property=\"og:type\" content=\"article\" \/>\n<meta property=\"og:title\" content=\"Contact &amp; Imprint - Cologne Jazzweek\" \/>\n<meta property=\"og:description\" content=\"Responsible for the content according to \u00a7 5 TMG: Jazzstadt UG (limited liability)represented by the managing director Janning TrumannVenloer Street 4050672 Colognee-mail: festival@jazzweek.de Register entry: Entry in the commercial register.&nbsp;Register court: Local court Cologne&nbsp;Register number: HRB 101587 Board of TrusteesRio Sakairi, Line Juul, Alfred Vogel, Frank van Berkel, Janning Trumann Planning and Artistic OfficeIn\u00eas Pizarro, [&hellip;]\" \/>\n<meta property=\"og:url\" content=\"https:\/\/jazzweek.de\/en\/contact-imprint\/\" \/>\n<meta property=\"og:site_name\" content=\"Cologne Jazzweek\" \/>\n<meta property=\"article:modified_time\" content=\"2025-04-10T11:06:28+00:00\" \/>\n<meta name=\"twitter:card\" content=\"summary_large_image\" \/>\n<meta name=\"twitter:label1\" content=\"Est. reading time\" \/>\n\t<meta name=\"twitter:data1\" content=\"3 minutes\" \/>\n<script type=\"application\/ld+json\" class=\"yoast-schema-graph\">{\"@context\":\"https:\/\/schema.org\",\"@graph\":[{\"@type\":\"WebPage\",\"@id\":\"https:\/\/jazzweek.de\/en\/contact-imprint\/\",\"url\":\"https:\/\/jazzweek.de\/en\/contact-imprint\/\",\"name\":\"Contact & Imprint - Cologne Jazzweek\",\"isPartOf\":{\"@id\":\"https:\/\/jazzweek.de\/#website\"},\"datePublished\":\"2023-06-07T06:30:13+00:00\",\"dateModified\":\"2025-04-10T11:06:28+00:00\",\"breadcrumb\":{\"@id\":\"https:\/\/jazzweek.de\/en\/contact-imprint\/#breadcrumb\"},\"inLanguage\":\"en-US\",\"potentialAction\":[{\"@type\":\"ReadAction\",\"target\":[\"https:\/\/jazzweek.de\/en\/contact-imprint\/\"]}]},{\"@type\":\"BreadcrumbList\",\"@id\":\"https:\/\/jazzweek.de\/en\/contact-imprint\/#breadcrumb\",\"itemListElement\":[{\"@type\":\"ListItem\",\"position\":1,\"name\":\"Home\",\"item\":\"https:\/\/jazzweek.de\/en\/\"},{\"@type\":\"ListItem\",\"position\":2,\"name\":\"Contact &#038; Imprint\"}]},{\"@type\":\"WebSite\",\"@id\":\"https:\/\/jazzweek.de\/#website\",\"url\":\"https:\/\/jazzweek.de\/\",\"name\":\"Cologne Jazzweek\",\"description\":\"Das internationale Jazzfestival in K\u00f6ln.\",\"potentialAction\":[{\"@type\":\"SearchAction\",\"target\":{\"@type\":\"EntryPoint\",\"urlTemplate\":\"https:\/\/jazzweek.de\/?s={search_term_string}\"},\"query-input\":{\"@type\":\"PropertyValueSpecification\",\"valueRequired\":true,\"valueName\":\"search_term_string\"}}],\"inLanguage\":\"en-US\"}]}<\/script>\n<!-- \/ Yoast SEO plugin. -->","yoast_head_json":{"title":"Contact & Imprint - Cologne Jazzweek","robots":{"index":"index","follow":"follow","max-snippet":"max-snippet:-1","max-image-preview":"max-image-preview:large","max-video-preview":"max-video-preview:-1"},"canonical":"https:\/\/jazzweek.de\/en\/contact-imprint\/","og_locale":"en_US","og_type":"article","og_title":"Contact & Imprint - Cologne Jazzweek","og_description":"Responsible for the content according to \u00a7 5 TMG: Jazzstadt UG (limited liability)represented by the managing director Janning TrumannVenloer Street 4050672 Colognee-mail: festival@jazzweek.de Register entry: Entry in the commercial register.&nbsp;Register court: Local court Cologne&nbsp;Register number: HRB 101587 Board of TrusteesRio Sakairi, Line Juul, Alfred Vogel, Frank van Berkel, Janning Trumann Planning and Artistic OfficeIn\u00eas Pizarro, [&hellip;]","og_url":"https:\/\/jazzweek.de\/en\/contact-imprint\/","og_site_name":"Cologne Jazzweek","article_modified_time":"2025-04-10T11:06:28+00:00","twitter_card":"summary_large_image","twitter_misc":{"Est. reading time":"3 minutes"},"schema":{"@context":"https:\/\/schema.org","@graph":[{"@type":"WebPage","@id":"https:\/\/jazzweek.de\/en\/contact-imprint\/","url":"https:\/\/jazzweek.de\/en\/contact-imprint\/","name":"Contact & Imprint - Cologne Jazzweek","isPartOf":{"@id":"https:\/\/jazzweek.de\/#website"},"datePublished":"2023-06-07T06:30:13+00:00","dateModified":"2025-04-10T11:06:28+00:00","breadcrumb":{"@id":"https:\/\/jazzweek.de\/en\/contact-imprint\/#breadcrumb"},"inLanguage":"en-US","potentialAction":[{"@type":"ReadAction","target":["https:\/\/jazzweek.de\/en\/contact-imprint\/"]}]},{"@type":"BreadcrumbList","@id":"https:\/\/jazzweek.de\/en\/contact-imprint\/#breadcrumb","itemListElement":[{"@type":"ListItem","position":1,"name":"Home","item":"https:\/\/jazzweek.de\/en\/"},{"@type":"ListItem","position":2,"name":"Contact &#038; Imprint"}]},{"@type":"WebSite","@id":"https:\/\/jazzweek.de\/#website","url":"https:\/\/jazzweek.de\/","name":"Cologne Jazzweek","description":"Das internationale Jazzfestival in K\u00f6ln.","potentialAction":[{"@type":"SearchAction","target":{"@type":"EntryPoint","urlTemplate":"https:\/\/jazzweek.de\/?s={search_term_string}"},"query-input":{"@type":"PropertyValueSpecification","valueRequired":true,"valueName":"search_term_string"}}],"inLanguage":"en-US"}]}},"_links":{"self":[{"href":"https:\/\/jazzweek.de\/en\/wp-json\/wp\/v2\/pages\/3265","targetHints":{"allow":["GET"]}}],"collection":[{"href":"https:\/\/jazzweek.de\/en\/wp-json\/wp\/v2\/pages"}],"about":[{"href":"https:\/\/jazzweek.de\/en\/wp-json\/wp\/v2\/types\/page"}],"author":[{"embeddable":true,"href":"https:\/\/jazzweek.de\/en\/wp-json\/wp\/v2\/users\/4"}],"replies":[{"embeddable":true,"href":"https:\/\/jazzweek.de\/en\/wp-json\/wp\/v2\/comments?post=3265"}],"version-history":[{"count":5,"href":"https:\/\/jazzweek.de\/en\/wp-json\/wp\/v2\/pages\/3265\/revisions"}],"predecessor-version":[{"id":5672,"href":"https:\/\/jazzweek.de\/en\/wp-json\/wp\/v2\/pages\/3265\/revisions\/5672"}],"wp:attachment":[{"href":"https:\/\/jazzweek.de\/en\/wp-json\/wp\/v2\/media?parent=3265"}],"curies":[{"name":"wp","href":"https:\/\/api.w.org\/{rel}","templated":true}]}}